{"id":298,"date":"2024-06-03T17:33:43","date_gmt":"2024-06-03T20:33:43","guid":{"rendered":"https:\/\/eadrainbird.com.br\/academia\/?page_id=298"},"modified":"2024-06-04T16:44:17","modified_gmt":"2024-06-04T19:44:17","slug":"webinar-novo-controlador-a-bateria-esp-9v","status":"publish","type":"page","link":"https:\/\/eadrainbird.com.br\/academia\/webinar-novo-controlador-a-bateria-esp-9v\/","title":{"rendered":"Webinar &#8211; Novo Controlador a Bateria ESP-9V"},"content":{"rendered":"\t\t<div data-elementor-type=\"wp-page\" data-elementor-id=\"298\" class=\"elementor elementor-298\">\n\t\t\t\t<div class=\"elementor-element elementor-element-b37f211 e-flex e-con-boxed e-con e-parent\" data-id=\"b37f211\" data-element_type=\"container\">\n\t\t\t\t\t<div class=\"e-con-inner\">\n\t\t\t\t<div class=\"elementor-element elementor-element-10ae1fa elementor-widget elementor-widget-spacer\" data-id=\"10ae1fa\" data-element_type=\"widget\" data-widget_type=\"spacer.default\">\n\t\t\t\t<div class=\"elementor-widget-container\">\n\t\t\t\t\t\t\t<div class=\"elementor-spacer\">\n\t\t\t<div class=\"elementor-spacer-inner\"><\/div>\n\t\t<\/div>\n\t\t\t\t\t\t<\/div>\n\t\t\t\t<\/div>\n\t\t\t\t<div class=\"elementor-element elementor-element-c5372e6 elementor-align-center elementor-widget elementor-widget-button\" data-id=\"c5372e6\" data-element_type=\"widget\" data-widget_type=\"button.default\">\n\t\t\t\t<div class=\"elementor-widget-container\">\n\t\t\t\t\t\t\t\t\t<div class=\"elementor-button-wrapper\">\n\t\t\t\t\t<a class=\"elementor-button elementor-button-link elementor-size-sm\" href=\"https:\/\/teams.microsoft.com\/l\/meetup-join\/19%3ameeting_ZDcxMGY5MTgtYzI5NC00MzViLTgyY2UtZDI4NmU3YWZlYjlh%40thread.v2\/0?context=%7b%22Tid%22%3a%22f9dd034c-1f25-4076-9733-9a60c50b888d%22%2c%22Oid%22%3a%221903fe03-8e61-4974-9e70-038aa3a7dae6%22%7d\">\n\t\t\t\t\t\t<span class=\"elementor-button-content-wrapper\">\n\t\t\t\t\t\t\t\t\t<span class=\"elementor-button-text\">WEBINAR DIA 14\/06 - 16:00h<\/span>\n\t\t\t\t\t<\/span>\n\t\t\t\t\t<\/a>\n\t\t\t\t<\/div>\n\t\t\t\t\t\t\t\t<\/div>\n\t\t\t\t<\/div>\n\t\t\t\t\t<\/div>\n\t\t\t\t<\/div>\n\t\t<div class=\"elementor-element elementor-element-3b26727 e-flex e-con-boxed e-con e-parent\" data-id=\"3b26727\" data-element_type=\"container\">\n\t\t\t\t\t<div class=\"e-con-inner\">\n\t\t\t\t<div class=\"elementor-element elementor-element-5d186d4 elementor-align-center elementor-widget elementor-widget-button\" data-id=\"5d186d4\" data-element_type=\"widget\" data-widget_type=\"button.default\">\n\t\t\t\t<div class=\"elementor-widget-container\">\n\t\t\t\t\t\t\t\t\t<div class=\"elementor-button-wrapper\">\n\t\t\t\t\t<a class=\"elementor-button elementor-button-link elementor-size-sm\" href=\"https:\/\/teams.microsoft.com\/l\/meetup-join\/19%3ameeting_ZDllNTAyYzEtNTY5MC00NzUyLWE1MWQtZWVhMmRkMjM5ODQ4%40thread.v2\/0?context=%7b%22Tid%22%3a%22f9dd034c-1f25-4076-9733-9a60c50b888d%22%2c%22Oid%22%3a%221903fe03-8e61-4974-9e70-038aa3a7dae6%22%7d\">\n\t\t\t\t\t\t<span class=\"elementor-button-content-wrapper\">\n\t\t\t\t\t\t\t\t\t<span class=\"elementor-button-text\">WEBINAR DIA 17\/06 - 19:00h<\/span>\n\t\t\t\t\t<\/span>\n\t\t\t\t\t<\/a>\n\t\t\t\t<\/div>\n\t\t\t\t\t\t\t\t<\/div>\n\t\t\t\t<\/div>\n\t\t\t\t<div class=\"elementor-element elementor-element-e2d60a2 elementor-widget elementor-widget-text-editor\" data-id=\"e2d60a2\" data-element_type=\"widget\" data-widget_type=\"text-editor.default\">\n\t\t\t\t<div class=\"elementor-widget-container\">\n\t\t\t\t\t\t\t\t\t<p><span style=\"font-size: 18pt;\">Aten\u00e7\u00e3o, para participar pelo celular voc\u00ea precisa baixar o aplicativo TEAMS<\/span><\/p>\t\t\t\t\t\t\t\t<\/div>\n\t\t\t\t<\/div>\n\t\t<div class=\"elementor-element elementor-element-191a98b e-grid e-con-boxed e-con e-child\" data-id=\"191a98b\" data-element_type=\"container\">\n\t\t\t\t\t<div class=\"e-con-inner\">\n\t\t\t\t<div class=\"elementor-element elementor-element-a9ab075 elementor-widget elementor-widget-image\" data-id=\"a9ab075\" data-element_type=\"widget\" data-widget_type=\"image.default\">\n\t\t\t\t<div class=\"elementor-widget-container\">\n\t\t\t\t\t\t\t\t\t\t\t\t\t\t\t\t<a href=\"https:\/\/play.google.com\/store\/apps\/details?id=com.microsoft.teams&#038;hl=pt_BR&#038;pli=1\">\n\t\t\t\t\t\t\t<img decoding=\"async\" width=\"300\" height=\"89\" src=\"https:\/\/eadrainbird.com.br\/academia\/wp-content\/uploads\/2024\/06\/GOOGLE-PLAY-300x89.jpg\" class=\"attachment-medium size-medium wp-image-316\" alt=\"\" srcset=\"https:\/\/eadrainbird.com.br\/academia\/wp-content\/uploads\/2024\/06\/GOOGLE-PLAY-300x89.jpg 300w, https:\/\/eadrainbird.com.br\/academia\/wp-content\/uploads\/2024\/06\/GOOGLE-PLAY.jpg 450w\" sizes=\"(max-width: 300px) 100vw, 300px\" \/>\t\t\t\t\t\t\t\t<\/a>\n\t\t\t\t\t\t\t\t\t\t\t\t\t\t\t<\/div>\n\t\t\t\t<\/div>\n\t\t\t\t<div class=\"elementor-element elementor-element-449eb26 elementor-widget elementor-widget-image\" data-id=\"449eb26\" data-element_type=\"widget\" data-widget_type=\"image.default\">\n\t\t\t\t<div class=\"elementor-widget-container\">\n\t\t\t\t\t\t\t\t\t\t\t\t\t\t\t\t<a href=\"https:\/\/apps.apple.com\/br\/app\/microsoft-teams\/id1113153706\">\n\t\t\t\t\t\t\t<img decoding=\"async\" width=\"300\" height=\"89\" src=\"https:\/\/eadrainbird.com.br\/academia\/wp-content\/uploads\/2024\/06\/APP-STORE-300x89.jpg\" class=\"attachment-medium size-medium wp-image-317\" alt=\"\" srcset=\"https:\/\/eadrainbird.com.br\/academia\/wp-content\/uploads\/2024\/06\/APP-STORE-300x89.jpg 300w, https:\/\/eadrainbird.com.br\/academia\/wp-content\/uploads\/2024\/06\/APP-STORE.jpg 453w\" sizes=\"(max-width: 300px) 100vw, 300px\" \/>\t\t\t\t\t\t\t\t<\/a>\n\t\t\t\t\t\t\t\t\t\t\t\t\t\t\t<\/div>\n\t\t\t\t<\/div>\n\t\t\t\t\t<\/div>\n\t\t\t\t<\/div>\n\t\t\t\t\t<\/div>\n\t\t\t\t<\/div>\n\t\t\t\t<\/div>\n\t\t","protected":false},"excerpt":{"rendered":"<p>WEBINAR DIA 14\/06 &#8211; 16:00h WEBINAR DIA 17\/06 &#8211; 19:00h Aten\u00e7\u00e3o, para participar pelo celular voc\u00ea precisa baixar o aplicativo [&hellip;]<\/p>\n","protected":false},"author":1,"featured_media":0,"parent":0,"menu_order":0,"comment_status":"closed","ping_status":"closed","template":"","meta":{"site-sidebar-layout":"no-sidebar","site-content-layout":"","ast-site-content-layout":"full-width-container","site-content-style":"default","site-sidebar-style":"default","ast-global-header-display":"","ast-banner-title-visibility":"","ast-main-header-display":"","ast-hfb-above-header-display":"","ast-hfb-below-header-display":"","ast-hfb-mobile-header-display":"","site-post-title":"disabled","ast-breadcrumbs-content":"","ast-featured-img":"disabled","footer-sml-layout":"","theme-transparent-header-meta":"default","adv-header-id-meta":"","stick-header-meta":"","header-above-stick-meta":"","header-main-stick-meta":"","header-below-stick-meta":"","astra-migrate-meta-layouts":"set","ast-page-background-enabled":"default","ast-page-background-meta":{"desktop":{"background-color":"var(--ast-global-color-4)","background-image":"","background-repeat":"repeat","background-position":"center center","background-size":"auto","background-attachment":"scroll","background-type":"","background-media":"","overlay-type":"","overlay-color":"","overlay-opacity":"","overlay-gradient":""},"tablet":{"background-color":"","background-image":"","background-repeat":"repeat","background-position":"center center","background-size":"auto","background-attachment":"scroll","background-type":"","background-media":"","overlay-type":"","overlay-color":"","overlay-opacity":"","overlay-gradient":""},"mobile":{"background-color":"","background-image":"","background-repeat":"repeat","background-position":"center center","background-size":"auto","background-attachment":"scroll","background-type":"","background-media":"","overlay-type":"","overlay-color":"","overlay-opacity":"","overlay-gradient":""}},"ast-content-background-meta":{"desktop":{"background-color":"var(--ast-global-color-5)","background-image":"","background-repeat":"repeat","background-position":"center center","background-size":"auto","background-attachment":"scroll","background-type":"","background-media":"","overlay-type":"","overlay-color":"","overlay-opacity":"","overlay-gradient":""},"tablet":{"background-color":"var(--ast-global-color-5)","background-image":"","background-repeat":"repeat","background-position":"center center","background-size":"auto","background-attachment":"scroll","background-type":"","background-media":"","overlay-type":"","overlay-color":"","overlay-opacity":"","overlay-gradient":""},"mobile":{"background-color":"var(--ast-global-color-5)","background-image":"","background-repeat":"repeat","background-position":"center center","background-size":"auto","background-attachment":"scroll","background-type":"","background-media":"","overlay-type":"","overlay-color":"","overlay-opacity":"","overlay-gradient":""}},"footnotes":""},"class_list":["post-298","page","type-page","status-publish","hentry"],"_links":{"self":[{"href":"https:\/\/eadrainbird.com.br\/academia\/wp-json\/wp\/v2\/pages\/298","targetHints":{"allow":["GET"]}}],"collection":[{"href":"https:\/\/eadrainbird.com.br\/academia\/wp-json\/wp\/v2\/pages"}],"about":[{"href":"https:\/\/eadrainbird.com.br\/academia\/wp-json\/wp\/v2\/types\/page"}],"author":[{"embeddable":true,"href":"https:\/\/eadrainbird.com.br\/academia\/wp-json\/wp\/v2\/users\/1"}],"replies":[{"embeddable":true,"href":"https:\/\/eadrainbird.com.br\/academia\/wp-json\/wp\/v2\/comments?post=298"}],"version-history":[{"count":13,"href":"https:\/\/eadrainbird.com.br\/academia\/wp-json\/wp\/v2\/pages\/298\/revisions"}],"predecessor-version":[{"id":326,"href":"https:\/\/eadrainbird.com.br\/academia\/wp-json\/wp\/v2\/pages\/298\/revisions\/326"}],"wp:attachment":[{"href":"https:\/\/eadrainbird.com.br\/academia\/wp-json\/wp\/v2\/media?parent=298"}],"curies":[{"name":"wp","href":"https:\/\/api.w.org\/{rel}","templated":true}]}}